{"id":2048,"date":"2020-06-15T10:26:42","date_gmt":"2020-06-15T08:26:42","guid":{"rendered":"http:\/\/nedcon.pl\/regaly-polkowe\/"},"modified":"2021-01-20T09:50:52","modified_gmt":"2021-01-20T08:50:52","slug":"shelving-and-wide-span-shelving","status":"publish","type":"page","link":"https:\/\/nedconsales.cz\/en\/products\/shelving-and-wide-span-shelving\/","title":{"rendered":"Shelving and wide span shelving"},"content":{"rendered":"","protected":false},"excerpt":{"rendered":"","protected":false},"author":1,"featured_media":0,"parent":2110,"menu_order":0,"comment_status":"closed","ping_status":"closed","template":"templates\/page-onepage.php","meta":{"footnotes":""},"acf":[],"yoast_head":"<!-- This site is optimized with the Yoast SEO plugin v22.6 - https:\/\/yoast.com\/wordpress\/plugins\/seo\/ -->\n<title>Shelving and wide span shelving - NEDCON SALES<\/title>\n<meta name=\"description\" content=\"\u2705 Shelf racks suitable for storing goods in containers, parcels, cartons, as well as for storing loose items. Check the NEDCON storage racks!\" \/>\n<meta name=\"robots\" content=\"index, follow, max-snippet:-1, max-image-preview:large, max-video-preview:-1\" \/>\n<link rel=\"canonical\" href=\"https:\/\/nedconsales.cz\/en\/products\/shelving-and-wide-span-shelving\/\" \/>\n<meta property=\"og:locale\" content=\"en_US\" \/>\n<meta property=\"og:type\" content=\"article\" \/>\n<meta property=\"og:title\" content=\"Shelving and wide span shelving - NEDCON SALES\" \/>\n<meta property=\"og:description\" content=\"\u2705 Shelf racks suitable for storing goods in containers, parcels, cartons, as well as for storing loose items. Check the NEDCON storage racks!\" \/>\n<meta property=\"og:url\" content=\"https:\/\/nedconsales.cz\/en\/products\/shelving-and-wide-span-shelving\/\" \/>\n<meta property=\"og:site_name\" content=\"NEDCON SALES\" \/>\n<meta property=\"article:modified_time\" content=\"2021-01-20T08:50:52+00:00\" \/>\n<meta name=\"twitter:card\" content=\"summary_large_image\" \/>\n<script type=\"application\/ld+json\" class=\"yoast-schema-graph\">{\"@context\":\"https:\/\/schema.org\",\"@graph\":[{\"@type\":\"WebPage\",\"@id\":\"https:\/\/nedconsales.cz\/en\/products\/shelving-and-wide-span-shelving\/\",\"url\":\"https:\/\/nedconsales.cz\/en\/products\/shelving-and-wide-span-shelving\/\",\"name\":\"Shelving and wide span shelving - NEDCON SALES\",\"isPartOf\":{\"@id\":\"https:\/\/nedconsales.cz\/#website\"},\"datePublished\":\"2020-06-15T08:26:42+00:00\",\"dateModified\":\"2021-01-20T08:50:52+00:00\",\"description\":\"\u2705 Shelf racks suitable for storing goods in containers, parcels, cartons, as well as for storing loose items. Check the NEDCON storage racks!\",\"breadcrumb\":{\"@id\":\"https:\/\/nedconsales.cz\/en\/products\/shelving-and-wide-span-shelving\/#breadcrumb\"},\"inLanguage\":\"en-US\",\"potentialAction\":[{\"@type\":\"ReadAction\",\"target\":[\"https:\/\/nedconsales.cz\/en\/products\/shelving-and-wide-span-shelving\/\"]}]},{\"@type\":\"BreadcrumbList\",\"@id\":\"https:\/\/nedconsales.cz\/en\/products\/shelving-and-wide-span-shelving\/#breadcrumb\",\"itemListElement\":[{\"@type\":\"ListItem\",\"position\":1,\"name\":\"Home page\",\"item\":\"https:\/\/nedconsales.cz\/en\/\"},{\"@type\":\"ListItem\",\"position\":2,\"name\":\"Products\",\"item\":\"https:\/\/nedconsales.cz\/en\/products\/\"},{\"@type\":\"ListItem\",\"position\":3,\"name\":\"Shelving and wide span shelving\"}]},{\"@type\":\"WebSite\",\"@id\":\"https:\/\/nedconsales.cz\/#website\",\"url\":\"https:\/\/nedconsales.cz\/\",\"name\":\"NEDCON SALES\",\"description\":\"N\u00e1vrh a instalace reg\u00e1lov\u00fdch syst\u00e9m\u016f\",\"potentialAction\":[{\"@type\":\"SearchAction\",\"target\":{\"@type\":\"EntryPoint\",\"urlTemplate\":\"https:\/\/nedconsales.cz\/?s={search_term_string}\"},\"query-input\":\"required name=search_term_string\"}],\"inLanguage\":\"en-US\"}]}<\/script>\n<!-- \/ Yoast SEO plugin. -->","yoast_head_json":{"title":"Shelving and wide span shelving - NEDCON SALES","description":"\u2705 Shelf racks suitable for storing goods in containers, parcels, cartons, as well as for storing loose items. Check the NEDCON storage racks!","robots":{"index":"index","follow":"follow","max-snippet":"max-snippet:-1","max-image-preview":"max-image-preview:large","max-video-preview":"max-video-preview:-1"},"canonical":"https:\/\/nedconsales.cz\/en\/products\/shelving-and-wide-span-shelving\/","og_locale":"en_US","og_type":"article","og_title":"Shelving and wide span shelving - NEDCON SALES","og_description":"\u2705 Shelf racks suitable for storing goods in containers, parcels, cartons, as well as for storing loose items. Check the NEDCON storage racks!","og_url":"https:\/\/nedconsales.cz\/en\/products\/shelving-and-wide-span-shelving\/","og_site_name":"NEDCON SALES","article_modified_time":"2021-01-20T08:50:52+00:00","twitter_card":"summary_large_image","schema":{"@context":"https:\/\/schema.org","@graph":[{"@type":"WebPage","@id":"https:\/\/nedconsales.cz\/en\/products\/shelving-and-wide-span-shelving\/","url":"https:\/\/nedconsales.cz\/en\/products\/shelving-and-wide-span-shelving\/","name":"Shelving and wide span shelving - NEDCON SALES","isPartOf":{"@id":"https:\/\/nedconsales.cz\/#website"},"datePublished":"2020-06-15T08:26:42+00:00","dateModified":"2021-01-20T08:50:52+00:00","description":"\u2705 Shelf racks suitable for storing goods in containers, parcels, cartons, as well as for storing loose items. Check the NEDCON storage racks!","breadcrumb":{"@id":"https:\/\/nedconsales.cz\/en\/products\/shelving-and-wide-span-shelving\/#breadcrumb"},"inLanguage":"en-US","potentialAction":[{"@type":"ReadAction","target":["https:\/\/nedconsales.cz\/en\/products\/shelving-and-wide-span-shelving\/"]}]},{"@type":"BreadcrumbList","@id":"https:\/\/nedconsales.cz\/en\/products\/shelving-and-wide-span-shelving\/#breadcrumb","itemListElement":[{"@type":"ListItem","position":1,"name":"Home page","item":"https:\/\/nedconsales.cz\/en\/"},{"@type":"ListItem","position":2,"name":"Products","item":"https:\/\/nedconsales.cz\/en\/products\/"},{"@type":"ListItem","position":3,"name":"Shelving and wide span shelving"}]},{"@type":"WebSite","@id":"https:\/\/nedconsales.cz\/#website","url":"https:\/\/nedconsales.cz\/","name":"NEDCON SALES","description":"N\u00e1vrh a instalace reg\u00e1lov\u00fdch syst\u00e9m\u016f","potentialAction":[{"@type":"SearchAction","target":{"@type":"EntryPoint","urlTemplate":"https:\/\/nedconsales.cz\/?s={search_term_string}"},"query-input":"required name=search_term_string"}],"inLanguage":"en-US"}]}},"_links":{"self":[{"href":"https:\/\/nedconsales.cz\/en\/wp-json\/wp\/v2\/pages\/2048"}],"collection":[{"href":"https:\/\/nedconsales.cz\/en\/wp-json\/wp\/v2\/pages"}],"about":[{"href":"https:\/\/nedconsales.cz\/en\/wp-json\/wp\/v2\/types\/page"}],"author":[{"embeddable":true,"href":"https:\/\/nedconsales.cz\/en\/wp-json\/wp\/v2\/users\/1"}],"replies":[{"embeddable":true,"href":"https:\/\/nedconsales.cz\/en\/wp-json\/wp\/v2\/comments?post=2048"}],"version-history":[{"count":1,"href":"https:\/\/nedconsales.cz\/en\/wp-json\/wp\/v2\/pages\/2048\/revisions"}],"predecessor-version":[{"id":7230,"href":"https:\/\/nedconsales.cz\/en\/wp-json\/wp\/v2\/pages\/2048\/revisions\/7230"}],"up":[{"embeddable":true,"href":"https:\/\/nedconsales.cz\/en\/wp-json\/wp\/v2\/pages\/2110"}],"wp:attachment":[{"href":"https:\/\/nedconsales.cz\/en\/wp-json\/wp\/v2\/media?parent=2048"}],"curies":[{"name":"wp","href":"https:\/\/api.w.org\/{rel}","templated":true}]}}