{"id":2115,"date":"2020-06-12T22:13:26","date_gmt":"2020-06-12T20:13:26","guid":{"rendered":"http:\/\/nedcon.pl\/projekty\/"},"modified":"2021-01-20T10:05:22","modified_gmt":"2021-01-20T09:05:22","slug":"projects","status":"publish","type":"page","link":"https:\/\/nedconsales.cz\/en\/projects\/","title":{"rendered":"Projects"},"content":{"rendered":"","protected":false},"excerpt":{"rendered":"","protected":false},"author":1,"featured_media":0,"parent":0,"menu_order":0,"comment_status":"closed","ping_status":"closed","template":"templates\/page-onepage.php","meta":{"footnotes":""},"acf":[],"yoast_head":"<!-- This site is optimized with the Yoast SEO plugin v22.6 - https:\/\/yoast.com\/wordpress\/plugins\/seo\/ -->\n<title>Installed racking systems | Projects | NEDCON SALES<\/title>\n<meta name=\"description\" content=\"\u2705 See the examples of our successful implementations and projects. Choose the right racking tailored to your industry!\" \/>\n<meta name=\"robots\" content=\"index, follow, max-snippet:-1, max-image-preview:large, max-video-preview:-1\" \/>\n<link rel=\"canonical\" href=\"https:\/\/nedconsales.cz\/en\/projects\/\" \/>\n<meta property=\"og:locale\" content=\"en_US\" \/>\n<meta property=\"og:type\" content=\"article\" \/>\n<meta property=\"og:title\" content=\"Installed racking systems | Projects | NEDCON SALES\" \/>\n<meta property=\"og:description\" content=\"\u2705 See the examples of our successful implementations and projects. Choose the right racking tailored to your industry!\" \/>\n<meta property=\"og:url\" content=\"https:\/\/nedconsales.cz\/en\/projects\/\" \/>\n<meta property=\"og:site_name\" content=\"NEDCON SALES\" \/>\n<meta property=\"article:modified_time\" content=\"2021-01-20T09:05:22+00:00\" \/>\n<meta name=\"twitter:card\" content=\"summary_large_image\" \/>\n<script type=\"application\/ld+json\" class=\"yoast-schema-graph\">{\"@context\":\"https:\/\/schema.org\",\"@graph\":[{\"@type\":\"WebPage\",\"@id\":\"https:\/\/nedconsales.cz\/en\/projects\/\",\"url\":\"https:\/\/nedconsales.cz\/en\/projects\/\",\"name\":\"Installed racking systems | Projects | NEDCON SALES\",\"isPartOf\":{\"@id\":\"https:\/\/nedconsales.cz\/#website\"},\"datePublished\":\"2020-06-12T20:13:26+00:00\",\"dateModified\":\"2021-01-20T09:05:22+00:00\",\"description\":\"\u2705 See the examples of our successful implementations and projects. Choose the right racking tailored to your industry!\",\"breadcrumb\":{\"@id\":\"https:\/\/nedconsales.cz\/en\/projects\/#breadcrumb\"},\"inLanguage\":\"en-US\",\"potentialAction\":[{\"@type\":\"ReadAction\",\"target\":[\"https:\/\/nedconsales.cz\/en\/projects\/\"]}]},{\"@type\":\"BreadcrumbList\",\"@id\":\"https:\/\/nedconsales.cz\/en\/projects\/#breadcrumb\",\"itemListElement\":[{\"@type\":\"ListItem\",\"position\":1,\"name\":\"Home page\",\"item\":\"https:\/\/nedconsales.cz\/en\/\"},{\"@type\":\"ListItem\",\"position\":2,\"name\":\"Projects\"}]},{\"@type\":\"WebSite\",\"@id\":\"https:\/\/nedconsales.cz\/#website\",\"url\":\"https:\/\/nedconsales.cz\/\",\"name\":\"NEDCON SALES\",\"description\":\"N\u00e1vrh a instalace reg\u00e1lov\u00fdch syst\u00e9m\u016f\",\"potentialAction\":[{\"@type\":\"SearchAction\",\"target\":{\"@type\":\"EntryPoint\",\"urlTemplate\":\"https:\/\/nedconsales.cz\/?s={search_term_string}\"},\"query-input\":\"required name=search_term_string\"}],\"inLanguage\":\"en-US\"}]}<\/script>\n<!-- \/ Yoast SEO plugin. -->","yoast_head_json":{"title":"Installed racking systems | Projects | NEDCON SALES","description":"\u2705 See the examples of our successful implementations and projects. Choose the right racking tailored to your industry!","robots":{"index":"index","follow":"follow","max-snippet":"max-snippet:-1","max-image-preview":"max-image-preview:large","max-video-preview":"max-video-preview:-1"},"canonical":"https:\/\/nedconsales.cz\/en\/projects\/","og_locale":"en_US","og_type":"article","og_title":"Installed racking systems | Projects | NEDCON SALES","og_description":"\u2705 See the examples of our successful implementations and projects. Choose the right racking tailored to your industry!","og_url":"https:\/\/nedconsales.cz\/en\/projects\/","og_site_name":"NEDCON SALES","article_modified_time":"2021-01-20T09:05:22+00:00","twitter_card":"summary_large_image","schema":{"@context":"https:\/\/schema.org","@graph":[{"@type":"WebPage","@id":"https:\/\/nedconsales.cz\/en\/projects\/","url":"https:\/\/nedconsales.cz\/en\/projects\/","name":"Installed racking systems | Projects | NEDCON SALES","isPartOf":{"@id":"https:\/\/nedconsales.cz\/#website"},"datePublished":"2020-06-12T20:13:26+00:00","dateModified":"2021-01-20T09:05:22+00:00","description":"\u2705 See the examples of our successful implementations and projects. Choose the right racking tailored to your industry!","breadcrumb":{"@id":"https:\/\/nedconsales.cz\/en\/projects\/#breadcrumb"},"inLanguage":"en-US","potentialAction":[{"@type":"ReadAction","target":["https:\/\/nedconsales.cz\/en\/projects\/"]}]},{"@type":"BreadcrumbList","@id":"https:\/\/nedconsales.cz\/en\/projects\/#breadcrumb","itemListElement":[{"@type":"ListItem","position":1,"name":"Home page","item":"https:\/\/nedconsales.cz\/en\/"},{"@type":"ListItem","position":2,"name":"Projects"}]},{"@type":"WebSite","@id":"https:\/\/nedconsales.cz\/#website","url":"https:\/\/nedconsales.cz\/","name":"NEDCON SALES","description":"N\u00e1vrh a instalace reg\u00e1lov\u00fdch syst\u00e9m\u016f","potentialAction":[{"@type":"SearchAction","target":{"@type":"EntryPoint","urlTemplate":"https:\/\/nedconsales.cz\/?s={search_term_string}"},"query-input":"required name=search_term_string"}],"inLanguage":"en-US"}]}},"_links":{"self":[{"href":"https:\/\/nedconsales.cz\/en\/wp-json\/wp\/v2\/pages\/2115"}],"collection":[{"href":"https:\/\/nedconsales.cz\/en\/wp-json\/wp\/v2\/pages"}],"about":[{"href":"https:\/\/nedconsales.cz\/en\/wp-json\/wp\/v2\/types\/page"}],"author":[{"embeddable":true,"href":"https:\/\/nedconsales.cz\/en\/wp-json\/wp\/v2\/users\/1"}],"replies":[{"embeddable":true,"href":"https:\/\/nedconsales.cz\/en\/wp-json\/wp\/v2\/comments?post=2115"}],"version-history":[{"count":1,"href":"https:\/\/nedconsales.cz\/en\/wp-json\/wp\/v2\/pages\/2115\/revisions"}],"predecessor-version":[{"id":7231,"href":"https:\/\/nedconsales.cz\/en\/wp-json\/wp\/v2\/pages\/2115\/revisions\/7231"}],"wp:attachment":[{"href":"https:\/\/nedconsales.cz\/en\/wp-json\/wp\/v2\/media?parent=2115"}],"curies":[{"name":"wp","href":"https:\/\/api.w.org\/{rel}","templated":true}]}}