{"id":2134,"date":"2020-06-16T15:43:46","date_gmt":"2020-06-16T13:43:46","guid":{"rendered":"http:\/\/nedcon.pl\/projects\/lpp\/"},"modified":"2021-01-20T10:08:58","modified_gmt":"2021-01-20T09:08:58","slug":"miele","status":"publish","type":"page","link":"https:\/\/nedconsales.cz\/en\/projects\/miele\/","title":{"rendered":"Miele"},"content":{"rendered":"","protected":false},"excerpt":{"rendered":"","protected":false},"author":1,"featured_media":0,"parent":2115,"menu_order":0,"comment_status":"closed","ping_status":"closed","template":"templates\/page-onepage.php","meta":{"footnotes":""},"acf":[],"yoast_head":"<!-- This site is optimized with the Yoast SEO plugin v22.6 - https:\/\/yoast.com\/wordpress\/plugins\/seo\/ -->\n<title>Solutions for production: Miele | Projects | NEDCON SALES<\/title>\n<meta name=\"description\" content=\"\u2705 Project Miele. Industry: production industry. Place: Uni\u010dov, Czech. See the installed systems! Check the implementation and photo gallery!\" \/>\n<meta name=\"robots\" content=\"index, follow, max-snippet:-1, max-image-preview:large, max-video-preview:-1\" \/>\n<link rel=\"canonical\" href=\"https:\/\/nedconsales.cz\/en\/projects\/miele\/\" \/>\n<meta property=\"og:locale\" content=\"en_US\" \/>\n<meta property=\"og:type\" content=\"article\" \/>\n<meta property=\"og:title\" content=\"Solutions for production: Miele | Projects | NEDCON SALES\" \/>\n<meta property=\"og:description\" content=\"\u2705 Project Miele. Industry: production industry. Place: Uni\u010dov, Czech. See the installed systems! Check the implementation and photo gallery!\" \/>\n<meta property=\"og:url\" content=\"https:\/\/nedconsales.cz\/en\/projects\/miele\/\" \/>\n<meta property=\"og:site_name\" content=\"NEDCON SALES\" \/>\n<meta property=\"article:modified_time\" content=\"2021-01-20T09:08:58+00:00\" \/>\n<meta name=\"twitter:card\" content=\"summary_large_image\" \/>\n<script type=\"application\/ld+json\" class=\"yoast-schema-graph\">{\"@context\":\"https:\/\/schema.org\",\"@graph\":[{\"@type\":\"WebPage\",\"@id\":\"https:\/\/nedconsales.cz\/en\/projects\/miele\/\",\"url\":\"https:\/\/nedconsales.cz\/en\/projects\/miele\/\",\"name\":\"Solutions for production: Miele | Projects | NEDCON SALES\",\"isPartOf\":{\"@id\":\"https:\/\/nedconsales.cz\/#website\"},\"datePublished\":\"2020-06-16T13:43:46+00:00\",\"dateModified\":\"2021-01-20T09:08:58+00:00\",\"description\":\"\u2705 Project Miele. Industry: production industry. Place: Uni\u010dov, Czech. See the installed systems! Check the implementation and photo gallery!\",\"breadcrumb\":{\"@id\":\"https:\/\/nedconsales.cz\/en\/projects\/miele\/#breadcrumb\"},\"inLanguage\":\"en-US\",\"potentialAction\":[{\"@type\":\"ReadAction\",\"target\":[\"https:\/\/nedconsales.cz\/en\/projects\/miele\/\"]}]},{\"@type\":\"BreadcrumbList\",\"@id\":\"https:\/\/nedconsales.cz\/en\/projects\/miele\/#breadcrumb\",\"itemListElement\":[{\"@type\":\"ListItem\",\"position\":1,\"name\":\"Home page\",\"item\":\"https:\/\/nedconsales.cz\/en\/\"},{\"@type\":\"ListItem\",\"position\":2,\"name\":\"Projects\",\"item\":\"https:\/\/nedconsales.cz\/en\/projects\/\"},{\"@type\":\"ListItem\",\"position\":3,\"name\":\"Miele\"}]},{\"@type\":\"WebSite\",\"@id\":\"https:\/\/nedconsales.cz\/#website\",\"url\":\"https:\/\/nedconsales.cz\/\",\"name\":\"NEDCON SALES\",\"description\":\"N\u00e1vrh a instalace reg\u00e1lov\u00fdch syst\u00e9m\u016f\",\"potentialAction\":[{\"@type\":\"SearchAction\",\"target\":{\"@type\":\"EntryPoint\",\"urlTemplate\":\"https:\/\/nedconsales.cz\/?s={search_term_string}\"},\"query-input\":\"required name=search_term_string\"}],\"inLanguage\":\"en-US\"}]}<\/script>\n<!-- \/ Yoast SEO plugin. -->","yoast_head_json":{"title":"Solutions for production: Miele | Projects | NEDCON SALES","description":"\u2705 Project Miele. Industry: production industry. Place: Uni\u010dov, Czech. See the installed systems! Check the implementation and photo gallery!","robots":{"index":"index","follow":"follow","max-snippet":"max-snippet:-1","max-image-preview":"max-image-preview:large","max-video-preview":"max-video-preview:-1"},"canonical":"https:\/\/nedconsales.cz\/en\/projects\/miele\/","og_locale":"en_US","og_type":"article","og_title":"Solutions for production: Miele | Projects | NEDCON SALES","og_description":"\u2705 Project Miele. Industry: production industry. Place: Uni\u010dov, Czech. See the installed systems! Check the implementation and photo gallery!","og_url":"https:\/\/nedconsales.cz\/en\/projects\/miele\/","og_site_name":"NEDCON SALES","article_modified_time":"2021-01-20T09:08:58+00:00","twitter_card":"summary_large_image","schema":{"@context":"https:\/\/schema.org","@graph":[{"@type":"WebPage","@id":"https:\/\/nedconsales.cz\/en\/projects\/miele\/","url":"https:\/\/nedconsales.cz\/en\/projects\/miele\/","name":"Solutions for production: Miele | Projects | NEDCON SALES","isPartOf":{"@id":"https:\/\/nedconsales.cz\/#website"},"datePublished":"2020-06-16T13:43:46+00:00","dateModified":"2021-01-20T09:08:58+00:00","description":"\u2705 Project Miele. Industry: production industry. Place: Uni\u010dov, Czech. See the installed systems! Check the implementation and photo gallery!","breadcrumb":{"@id":"https:\/\/nedconsales.cz\/en\/projects\/miele\/#breadcrumb"},"inLanguage":"en-US","potentialAction":[{"@type":"ReadAction","target":["https:\/\/nedconsales.cz\/en\/projects\/miele\/"]}]},{"@type":"BreadcrumbList","@id":"https:\/\/nedconsales.cz\/en\/projects\/miele\/#breadcrumb","itemListElement":[{"@type":"ListItem","position":1,"name":"Home page","item":"https:\/\/nedconsales.cz\/en\/"},{"@type":"ListItem","position":2,"name":"Projects","item":"https:\/\/nedconsales.cz\/en\/projects\/"},{"@type":"ListItem","position":3,"name":"Miele"}]},{"@type":"WebSite","@id":"https:\/\/nedconsales.cz\/#website","url":"https:\/\/nedconsales.cz\/","name":"NEDCON SALES","description":"N\u00e1vrh a instalace reg\u00e1lov\u00fdch syst\u00e9m\u016f","potentialAction":[{"@type":"SearchAction","target":{"@type":"EntryPoint","urlTemplate":"https:\/\/nedconsales.cz\/?s={search_term_string}"},"query-input":"required name=search_term_string"}],"inLanguage":"en-US"}]}},"_links":{"self":[{"href":"https:\/\/nedconsales.cz\/en\/wp-json\/wp\/v2\/pages\/2134"}],"collection":[{"href":"https:\/\/nedconsales.cz\/en\/wp-json\/wp\/v2\/pages"}],"about":[{"href":"https:\/\/nedconsales.cz\/en\/wp-json\/wp\/v2\/types\/page"}],"author":[{"embeddable":true,"href":"https:\/\/nedconsales.cz\/en\/wp-json\/wp\/v2\/users\/1"}],"replies":[{"embeddable":true,"href":"https:\/\/nedconsales.cz\/en\/wp-json\/wp\/v2\/comments?post=2134"}],"version-history":[{"count":1,"href":"https:\/\/nedconsales.cz\/en\/wp-json\/wp\/v2\/pages\/2134\/revisions"}],"predecessor-version":[{"id":7234,"href":"https:\/\/nedconsales.cz\/en\/wp-json\/wp\/v2\/pages\/2134\/revisions\/7234"}],"up":[{"embeddable":true,"href":"https:\/\/nedconsales.cz\/en\/wp-json\/wp\/v2\/pages\/2115"}],"wp:attachment":[{"href":"https:\/\/nedconsales.cz\/en\/wp-json\/wp\/v2\/media?parent=2134"}],"curies":[{"name":"wp","href":"https:\/\/api.w.org\/{rel}","templated":true}]}}