{"id":2184,"date":"2020-08-05T17:57:38","date_gmt":"2020-08-05T15:57:38","guid":{"rendered":"http:\/\/nedcon.pl\/industries\/magazyny-dla-branzy-meblowej\/"},"modified":"2021-01-20T10:21:16","modified_gmt":"2021-01-20T09:21:16","slug":"furniture-industry","status":"publish","type":"page","link":"https:\/\/nedconsales.cz\/en\/industries\/furniture-industry\/","title":{"rendered":"Furniture industry"},"content":{"rendered":"","protected":false},"excerpt":{"rendered":"","protected":false},"author":1,"featured_media":0,"parent":2140,"menu_order":0,"comment_status":"closed","ping_status":"closed","template":"templates\/page-onepage.php","meta":{"footnotes":""},"acf":[],"yoast_head":"<!-- This site is optimized with the Yoast SEO plugin v22.6 - https:\/\/yoast.com\/wordpress\/plugins\/seo\/ -->\n<title>Storages for the furtniture industry | NEDCON SALES<\/title>\n<meta name=\"description\" content=\"\u2705 Warehouses of the furniture industry often carry large, difficult to transport and delicate furniture. Check out solutions tailored to this industry!\" \/>\n<meta name=\"robots\" content=\"index, follow, max-snippet:-1, max-image-preview:large, max-video-preview:-1\" \/>\n<link rel=\"canonical\" href=\"https:\/\/nedconsales.cz\/en\/industries\/furniture-industry\/\" \/>\n<meta property=\"og:locale\" content=\"en_US\" \/>\n<meta property=\"og:type\" content=\"article\" \/>\n<meta property=\"og:title\" content=\"Storages for the furtniture industry | NEDCON SALES\" \/>\n<meta property=\"og:description\" content=\"\u2705 Warehouses of the furniture industry often carry large, difficult to transport and delicate furniture. Check out solutions tailored to this industry!\" \/>\n<meta property=\"og:url\" content=\"https:\/\/nedconsales.cz\/en\/industries\/furniture-industry\/\" \/>\n<meta property=\"og:site_name\" content=\"NEDCON SALES\" \/>\n<meta property=\"article:modified_time\" content=\"2021-01-20T09:21:16+00:00\" \/>\n<meta name=\"twitter:card\" content=\"summary_large_image\" \/>\n<script type=\"application\/ld+json\" class=\"yoast-schema-graph\">{\"@context\":\"https:\/\/schema.org\",\"@graph\":[{\"@type\":\"WebPage\",\"@id\":\"https:\/\/nedconsales.cz\/en\/industries\/furniture-industry\/\",\"url\":\"https:\/\/nedconsales.cz\/en\/industries\/furniture-industry\/\",\"name\":\"Storages for the furtniture industry | NEDCON SALES\",\"isPartOf\":{\"@id\":\"https:\/\/nedconsales.cz\/#website\"},\"datePublished\":\"2020-08-05T15:57:38+00:00\",\"dateModified\":\"2021-01-20T09:21:16+00:00\",\"description\":\"\u2705 Warehouses of the furniture industry often carry large, difficult to transport and delicate furniture. Check out solutions tailored to this industry!\",\"breadcrumb\":{\"@id\":\"https:\/\/nedconsales.cz\/en\/industries\/furniture-industry\/#breadcrumb\"},\"inLanguage\":\"en-US\",\"potentialAction\":[{\"@type\":\"ReadAction\",\"target\":[\"https:\/\/nedconsales.cz\/en\/industries\/furniture-industry\/\"]}]},{\"@type\":\"BreadcrumbList\",\"@id\":\"https:\/\/nedconsales.cz\/en\/industries\/furniture-industry\/#breadcrumb\",\"itemListElement\":[{\"@type\":\"ListItem\",\"position\":1,\"name\":\"Home page\",\"item\":\"https:\/\/nedconsales.cz\/en\/\"},{\"@type\":\"ListItem\",\"position\":2,\"name\":\"Industries\",\"item\":\"https:\/\/nedconsales.cz\/en\/industries\/\"},{\"@type\":\"ListItem\",\"position\":3,\"name\":\"Furniture industry\"}]},{\"@type\":\"WebSite\",\"@id\":\"https:\/\/nedconsales.cz\/#website\",\"url\":\"https:\/\/nedconsales.cz\/\",\"name\":\"NEDCON SALES\",\"description\":\"N\u00e1vrh a instalace reg\u00e1lov\u00fdch syst\u00e9m\u016f\",\"potentialAction\":[{\"@type\":\"SearchAction\",\"target\":{\"@type\":\"EntryPoint\",\"urlTemplate\":\"https:\/\/nedconsales.cz\/?s={search_term_string}\"},\"query-input\":\"required name=search_term_string\"}],\"inLanguage\":\"en-US\"}]}<\/script>\n<!-- \/ Yoast SEO plugin. -->","yoast_head_json":{"title":"Storages for the furtniture industry | NEDCON SALES","description":"\u2705 Warehouses of the furniture industry often carry large, difficult to transport and delicate furniture. Check out solutions tailored to this industry!","robots":{"index":"index","follow":"follow","max-snippet":"max-snippet:-1","max-image-preview":"max-image-preview:large","max-video-preview":"max-video-preview:-1"},"canonical":"https:\/\/nedconsales.cz\/en\/industries\/furniture-industry\/","og_locale":"en_US","og_type":"article","og_title":"Storages for the furtniture industry | NEDCON SALES","og_description":"\u2705 Warehouses of the furniture industry often carry large, difficult to transport and delicate furniture. Check out solutions tailored to this industry!","og_url":"https:\/\/nedconsales.cz\/en\/industries\/furniture-industry\/","og_site_name":"NEDCON SALES","article_modified_time":"2021-01-20T09:21:16+00:00","twitter_card":"summary_large_image","schema":{"@context":"https:\/\/schema.org","@graph":[{"@type":"WebPage","@id":"https:\/\/nedconsales.cz\/en\/industries\/furniture-industry\/","url":"https:\/\/nedconsales.cz\/en\/industries\/furniture-industry\/","name":"Storages for the furtniture industry | NEDCON SALES","isPartOf":{"@id":"https:\/\/nedconsales.cz\/#website"},"datePublished":"2020-08-05T15:57:38+00:00","dateModified":"2021-01-20T09:21:16+00:00","description":"\u2705 Warehouses of the furniture industry often carry large, difficult to transport and delicate furniture. Check out solutions tailored to this industry!","breadcrumb":{"@id":"https:\/\/nedconsales.cz\/en\/industries\/furniture-industry\/#breadcrumb"},"inLanguage":"en-US","potentialAction":[{"@type":"ReadAction","target":["https:\/\/nedconsales.cz\/en\/industries\/furniture-industry\/"]}]},{"@type":"BreadcrumbList","@id":"https:\/\/nedconsales.cz\/en\/industries\/furniture-industry\/#breadcrumb","itemListElement":[{"@type":"ListItem","position":1,"name":"Home page","item":"https:\/\/nedconsales.cz\/en\/"},{"@type":"ListItem","position":2,"name":"Industries","item":"https:\/\/nedconsales.cz\/en\/industries\/"},{"@type":"ListItem","position":3,"name":"Furniture industry"}]},{"@type":"WebSite","@id":"https:\/\/nedconsales.cz\/#website","url":"https:\/\/nedconsales.cz\/","name":"NEDCON SALES","description":"N\u00e1vrh a instalace reg\u00e1lov\u00fdch syst\u00e9m\u016f","potentialAction":[{"@type":"SearchAction","target":{"@type":"EntryPoint","urlTemplate":"https:\/\/nedconsales.cz\/?s={search_term_string}"},"query-input":"required name=search_term_string"}],"inLanguage":"en-US"}]}},"_links":{"self":[{"href":"https:\/\/nedconsales.cz\/en\/wp-json\/wp\/v2\/pages\/2184"}],"collection":[{"href":"https:\/\/nedconsales.cz\/en\/wp-json\/wp\/v2\/pages"}],"about":[{"href":"https:\/\/nedconsales.cz\/en\/wp-json\/wp\/v2\/types\/page"}],"author":[{"embeddable":true,"href":"https:\/\/nedconsales.cz\/en\/wp-json\/wp\/v2\/users\/1"}],"replies":[{"embeddable":true,"href":"https:\/\/nedconsales.cz\/en\/wp-json\/wp\/v2\/comments?post=2184"}],"version-history":[{"count":1,"href":"https:\/\/nedconsales.cz\/en\/wp-json\/wp\/v2\/pages\/2184\/revisions"}],"predecessor-version":[{"id":7213,"href":"https:\/\/nedconsales.cz\/en\/wp-json\/wp\/v2\/pages\/2184\/revisions\/7213"}],"up":[{"embeddable":true,"href":"https:\/\/nedconsales.cz\/en\/wp-json\/wp\/v2\/pages\/2140"}],"wp:attachment":[{"href":"https:\/\/nedconsales.cz\/en\/wp-json\/wp\/v2\/media?parent=2184"}],"curies":[{"name":"wp","href":"https:\/\/api.w.org\/{rel}","templated":true}]}}