{"id":2216,"date":"2020-06-12T13:26:56","date_gmt":"2020-06-12T11:26:56","guid":{"rendered":"http:\/\/nedcon.pl\/kontakt\/"},"modified":"2024-02-22T06:43:51","modified_gmt":"2024-02-22T05:43:51","slug":"contacts","status":"publish","type":"page","link":"https:\/\/nedconsales.cz\/en\/contacts\/","title":{"rendered":"Contact"},"content":{"rendered":"","protected":false},"excerpt":{"rendered":"","protected":false},"author":1,"featured_media":0,"parent":0,"menu_order":0,"comment_status":"closed","ping_status":"closed","template":"templates\/page-onepage.php","meta":{"footnotes":""},"acf":[],"yoast_head":"<!-- This site is optimized with the Yoast SEO plugin v22.6 - https:\/\/yoast.com\/wordpress\/plugins\/seo\/ -->\n<title>Contact our specialists | Get a free offer | NEDCON SALES<\/title>\n<meta name=\"description\" content=\"\u2705 Are you planning to purchase racking system into your warehouse? Contact the NEDCON SALES specialists for a free offer today!\" \/>\n<meta name=\"robots\" content=\"index, follow, max-snippet:-1, max-image-preview:large, max-video-preview:-1\" \/>\n<link rel=\"canonical\" href=\"https:\/\/nedconsales.cz\/en\/contacts\/\" \/>\n<meta property=\"og:locale\" content=\"en_US\" \/>\n<meta property=\"og:type\" content=\"article\" \/>\n<meta property=\"og:title\" content=\"Contact our specialists | Get a free offer | NEDCON SALES\" \/>\n<meta property=\"og:description\" content=\"\u2705 Are you planning to purchase racking system into your warehouse? Contact the NEDCON SALES specialists for a free offer today!\" \/>\n<meta property=\"og:url\" content=\"https:\/\/nedconsales.cz\/en\/contacts\/\" \/>\n<meta property=\"og:site_name\" content=\"NEDCON SALES\" \/>\n<meta property=\"article:modified_time\" content=\"2024-02-22T05:43:51+00:00\" \/>\n<meta name=\"twitter:card\" content=\"summary_large_image\" \/>\n<script type=\"application\/ld+json\" class=\"yoast-schema-graph\">{\"@context\":\"https:\/\/schema.org\",\"@graph\":[{\"@type\":\"WebPage\",\"@id\":\"https:\/\/nedconsales.cz\/en\/contacts\/\",\"url\":\"https:\/\/nedconsales.cz\/en\/contacts\/\",\"name\":\"Contact our specialists | Get a free offer | NEDCON SALES\",\"isPartOf\":{\"@id\":\"https:\/\/nedconsales.cz\/#website\"},\"datePublished\":\"2020-06-12T11:26:56+00:00\",\"dateModified\":\"2024-02-22T05:43:51+00:00\",\"description\":\"\u2705 Are you planning to purchase racking system into your warehouse? Contact the NEDCON SALES specialists for a free offer today!\",\"breadcrumb\":{\"@id\":\"https:\/\/nedconsales.cz\/en\/contacts\/#breadcrumb\"},\"inLanguage\":\"en-US\",\"potentialAction\":[{\"@type\":\"ReadAction\",\"target\":[\"https:\/\/nedconsales.cz\/en\/contacts\/\"]}]},{\"@type\":\"BreadcrumbList\",\"@id\":\"https:\/\/nedconsales.cz\/en\/contacts\/#breadcrumb\",\"itemListElement\":[{\"@type\":\"ListItem\",\"position\":1,\"name\":\"Home page\",\"item\":\"https:\/\/nedconsales.cz\/en\/\"},{\"@type\":\"ListItem\",\"position\":2,\"name\":\"Contact\"}]},{\"@type\":\"WebSite\",\"@id\":\"https:\/\/nedconsales.cz\/#website\",\"url\":\"https:\/\/nedconsales.cz\/\",\"name\":\"NEDCON SALES\",\"description\":\"N\u00e1vrh a instalace reg\u00e1lov\u00fdch syst\u00e9m\u016f\",\"potentialAction\":[{\"@type\":\"SearchAction\",\"target\":{\"@type\":\"EntryPoint\",\"urlTemplate\":\"https:\/\/nedconsales.cz\/?s={search_term_string}\"},\"query-input\":\"required name=search_term_string\"}],\"inLanguage\":\"en-US\"}]}<\/script>\n<!-- \/ Yoast SEO plugin. -->","yoast_head_json":{"title":"Contact our specialists | Get a free offer | NEDCON SALES","description":"\u2705 Are you planning to purchase racking system into your warehouse? Contact the NEDCON SALES specialists for a free offer today!","robots":{"index":"index","follow":"follow","max-snippet":"max-snippet:-1","max-image-preview":"max-image-preview:large","max-video-preview":"max-video-preview:-1"},"canonical":"https:\/\/nedconsales.cz\/en\/contacts\/","og_locale":"en_US","og_type":"article","og_title":"Contact our specialists | Get a free offer | NEDCON SALES","og_description":"\u2705 Are you planning to purchase racking system into your warehouse? Contact the NEDCON SALES specialists for a free offer today!","og_url":"https:\/\/nedconsales.cz\/en\/contacts\/","og_site_name":"NEDCON SALES","article_modified_time":"2024-02-22T05:43:51+00:00","twitter_card":"summary_large_image","schema":{"@context":"https:\/\/schema.org","@graph":[{"@type":"WebPage","@id":"https:\/\/nedconsales.cz\/en\/contacts\/","url":"https:\/\/nedconsales.cz\/en\/contacts\/","name":"Contact our specialists | Get a free offer | NEDCON SALES","isPartOf":{"@id":"https:\/\/nedconsales.cz\/#website"},"datePublished":"2020-06-12T11:26:56+00:00","dateModified":"2024-02-22T05:43:51+00:00","description":"\u2705 Are you planning to purchase racking system into your warehouse? Contact the NEDCON SALES specialists for a free offer today!","breadcrumb":{"@id":"https:\/\/nedconsales.cz\/en\/contacts\/#breadcrumb"},"inLanguage":"en-US","potentialAction":[{"@type":"ReadAction","target":["https:\/\/nedconsales.cz\/en\/contacts\/"]}]},{"@type":"BreadcrumbList","@id":"https:\/\/nedconsales.cz\/en\/contacts\/#breadcrumb","itemListElement":[{"@type":"ListItem","position":1,"name":"Home page","item":"https:\/\/nedconsales.cz\/en\/"},{"@type":"ListItem","position":2,"name":"Contact"}]},{"@type":"WebSite","@id":"https:\/\/nedconsales.cz\/#website","url":"https:\/\/nedconsales.cz\/","name":"NEDCON SALES","description":"N\u00e1vrh a instalace reg\u00e1lov\u00fdch syst\u00e9m\u016f","potentialAction":[{"@type":"SearchAction","target":{"@type":"EntryPoint","urlTemplate":"https:\/\/nedconsales.cz\/?s={search_term_string}"},"query-input":"required name=search_term_string"}],"inLanguage":"en-US"}]}},"_links":{"self":[{"href":"https:\/\/nedconsales.cz\/en\/wp-json\/wp\/v2\/pages\/2216"}],"collection":[{"href":"https:\/\/nedconsales.cz\/en\/wp-json\/wp\/v2\/pages"}],"about":[{"href":"https:\/\/nedconsales.cz\/en\/wp-json\/wp\/v2\/types\/page"}],"author":[{"embeddable":true,"href":"https:\/\/nedconsales.cz\/en\/wp-json\/wp\/v2\/users\/1"}],"replies":[{"embeddable":true,"href":"https:\/\/nedconsales.cz\/en\/wp-json\/wp\/v2\/comments?post=2216"}],"version-history":[{"count":11,"href":"https:\/\/nedconsales.cz\/en\/wp-json\/wp\/v2\/pages\/2216\/revisions"}],"predecessor-version":[{"id":8083,"href":"https:\/\/nedconsales.cz\/en\/wp-json\/wp\/v2\/pages\/2216\/revisions\/8083"}],"wp:attachment":[{"href":"https:\/\/nedconsales.cz\/en\/wp-json\/wp\/v2\/media?parent=2216"}],"curies":[{"name":"wp","href":"https:\/\/api.w.org\/{rel}","templated":true}]}}